{"id":236,"date":"2022-09-21T12:47:06","date_gmt":"2022-09-21T12:47:06","guid":{"rendered":"http:\/\/www.lmiue.netbuildweb.pl\/?page_id=236"},"modified":"2022-10-06T21:34:25","modified_gmt":"2022-10-06T21:34:25","slug":"akredytowane","status":"publish","type":"page","link":"https:\/\/lmiue.pk.edu.pl\/en\/akredytowane\/","title":{"rendered":"Akredytowane"},"content":{"rendered":"<p>[et_pb_section fb_built=&#8221;1&#8243; specialty=&#8221;on&#8221; custom_css_main_1=&#8221;width:33%!important;&#8221; custom_css_main_2=&#8221;width:60%!important;&#8221; _builder_version=&#8221;4.18.0&#8243; _module_preset=&#8221;default&#8221; inner_width=&#8221;90%&#8221; inner_max_width=&#8221;90%&#8221; custom_padding=&#8221;0px||||false|false&#8221; global_colors_info=&#8221;{}&#8221;][et_pb_column type=&#8221;1_4&#8243; _builder_version=&#8221;4.16&#8243; custom_padding=&#8221;|||&#8221; global_colors_info=&#8221;{}&#8221; custom_padding__hover=&#8221;|||&#8221;][et_pb_menu menu_id=&#8221;21&#8243; module_class=&#8221;pa-vertical-menu&#8221; _builder_version=&#8221;4.18.0&#8243; _module_preset=&#8221;default&#8221; background_enable_color=&#8221;off&#8221; position_origin_f=&#8221;center_left&#8221; width=&#8221;100%&#8221; global_colors_info=&#8221;{}&#8221;][\/et_pb_menu][\/et_pb_column][et_pb_column type=&#8221;3_4&#8243; specialty_columns=&#8221;3&#8243; _builder_version=&#8221;4.16&#8243; custom_padding=&#8221;|||&#8221; global_colors_info=&#8221;{}&#8221; custom_padding__hover=&#8221;|||&#8221;][et_pb_row_inner module_class=&#8221;parent-column&#8221; _builder_version=&#8221;4.18.0&#8243; _module_preset=&#8221;default&#8221; max_width=&#8221;100%&#8221; custom_margin=&#8221;20px||||false|false&#8221; global_colors_info=&#8221;{}&#8221;][et_pb_column_inner saved_specialty_column_type=&#8221;3_4&#8243; module_class=&#8221;parent-column&#8221; _builder_version=&#8221;4.18.0&#8243; _module_preset=&#8221;default&#8221; global_colors_info=&#8221;{}&#8221;][et_pb_text _builder_version=&#8221;4.18.0&#8243; _module_preset=&#8221;default&#8221; text_font=&#8221;Poppins||||||||&#8221; header_font=&#8221;Poppins|600|||||||&#8221; header_text_color=&#8221;#4b56a6&#8243; header_font_size=&#8221;40px&#8221; header_2_font=&#8221;Poppins||||||||&#8221; header_2_text_color=&#8221;#333333&#8243; header_2_font_size=&#8221;30px&#8221; text_orientation=&#8221;justified&#8221; custom_margin=&#8221;||21px|||&#8221; hover_enabled=&#8221;0&#8243; global_colors_info=&#8221;{}&#8221; sticky_enabled=&#8221;0&#8243;]<\/p>\n<h1 style=\"text-align: justify;\">Stanowiska akredytowane<\/h1>\n<p>Lorem ipsum dolor sit amet, consectetuer adipiscing elit. Phasellus hendrerit. Pellentesque aliquet nibh nec urna. In nisi neque, aliquet vel, dapibus id, mattis vel, nisi. Sed pretium, ligula sollicitudin laoreet viverra, tortor libero sodales leo, eget blandit nunc tortor eu nibh. Nullam mollis. Ut justo. Suspendisse potenti.<\/p>\n<p>Sed egestas, ante et vulputate volutpat, eros pede semper est, vitae luctus metus libero eu augue. Morbi purus libero, faucibus adipiscing, commodo quis, gravida id, est. Sed lectus. Praesent elementum hendrerit tortor. Sed semper lorem at felis. Vestibulum volutpat, lacus a ultrices sagittis, mi neque euismod dui, eu pulvinar nunc sapien ornare nisl. Phasellus pede arcu, dapibus eu, fermentum et, dapibus sed, urna.<\/p>\n<table width=\"503\" style=\"height: 465.328px;\">\n<tbody>\n<tr style=\"height: 0px;\">\n<th rowspan=\"2\" style=\"height: 57.3281px; width: 288.75px;\">Podobiekt \/ badana cecha \/ metoda badawcza \/ inne<sup>5<\/sup><\/th>\n<th rowspan=\"2\" style=\"height: 57.3281px; width: 198.25px;\">Technika \/ techniki badawcze \/ pomiarowe<sup>4<\/sup><\/th>\n<\/tr>\n<tr style=\"height: 57.3281px;\"><\/tr>\n<tr style=\"height: 24px;\">\n<th style=\"height: 24px; width: 288.75px; text-align: center;\">4<\/th>\n<th style=\"height: 24px; width: 198.25px; text-align: center;\">3<\/th>\n<\/tr>\n<tr style=\"height: 96px;\">\n<td style=\"height: 96px; width: 288.75px;\">Oznaczenie przewodno\u015bci cieplnej i dyfuzyjno\u015bci cieplnej tworzyw sztucznych<br \/>\nMetoda: niestacjonarnego \u017ar\u00f3d\u0142a ciep\u0142a<\/td>\n<td style=\"height: 96px; width: 198.25px;\">PN-EN ISO 22007-2:2015-09<\/td>\n<\/tr>\n<tr style=\"height: 96px;\">\n<td style=\"height: 96px; width: 288.75px;\">Okre\u015blanie oporu cieplnego i w\u0142a\u015bciwo\u015bci z nim zwi\u0105zanych w stanie ustalonym.\u00a0\u00a0\u00a0\u00a0\u00a0\u00a0\u00a0\u00a0\u00a0\u00a0\u00a0\u00a0\u00a0\u00a0\u00a0 Aparat p\u0142ytowy z os\u0142oni\u0119t\u0105 p\u0142yt\u0105 grzejn\u0105<\/td>\n<td style=\"height: 96px; width: 198.25px;\">PN ISO 8302:1999<\/td>\n<\/tr>\n<tr style=\"height: 96px;\">\n<td style=\"height: 96px; width: 288.75px;\">Oznaczanie temperatury oraz entalpii topnienia i krystalizacji<\/td>\n<td style=\"height: 96px; width: 198.25px;\">PN-EN ISO 11357-1 :2016-11<br \/>\nPN-EN ISO 11357-3 :2018-06<\/td>\n<\/tr>\n<tr style=\"height: 96px;\">\n<td style=\"height: 96px; width: 288.75px;\">Okre\u015blanie w\u0142a\u015bciwo\u015bci w zakresie przep\u0142ywu ciep\u0142a w stanie ustalonym przez izolacje cieplne przewod\u00f3w rurowych.<\/td>\n<td style=\"height: 96px; width: 198.25px;\">PN-EN ISO 8497:1999<\/td>\n<\/tr>\n<\/tbody>\n<\/table>\n<p>[\/et_pb_text][\/et_pb_column_inner][\/et_pb_row_inner][\/et_pb_column][\/et_pb_section]<\/p>","protected":false},"excerpt":{"rendered":"<p>Stanowiska akredytowane Lorem ipsum dolor sit amet, consectetuer adipiscing elit. Phasellus hendrerit. Pellentesque aliquet nibh nec urna. In nisi neque, aliquet vel, dapibus id, mattis vel, nisi. Sed pretium, ligula sollicitudin laoreet viverra, tortor libero sodales leo, eget blandit nunc tortor eu nibh. Nullam mollis. Ut justo. Suspendisse potenti. Sed egestas, ante et vulputate volutpat, [&hellip;]<\/p>","protected":false},"author":1,"featured_media":0,"parent":0,"menu_order":0,"comment_status":"closed","ping_status":"closed","template":"","meta":{"_acf_changed":false,"_et_pb_use_builder":"on","_et_pb_old_content":"","_et_gb_content_width":"","footnotes":""},"class_list":["post-236","page","type-page","status-publish","hentry"],"acf":[],"_links":{"self":[{"href":"https:\/\/lmiue.pk.edu.pl\/en\/wp-json\/wp\/v2\/pages\/236","targetHints":{"allow":["GET"]}}],"collection":[{"href":"https:\/\/lmiue.pk.edu.pl\/en\/wp-json\/wp\/v2\/pages"}],"about":[{"href":"https:\/\/lmiue.pk.edu.pl\/en\/wp-json\/wp\/v2\/types\/page"}],"author":[{"embeddable":true,"href":"https:\/\/lmiue.pk.edu.pl\/en\/wp-json\/wp\/v2\/users\/1"}],"replies":[{"embeddable":true,"href":"https:\/\/lmiue.pk.edu.pl\/en\/wp-json\/wp\/v2\/comments?post=236"}],"version-history":[{"count":6,"href":"https:\/\/lmiue.pk.edu.pl\/en\/wp-json\/wp\/v2\/pages\/236\/revisions"}],"predecessor-version":[{"id":379,"href":"https:\/\/lmiue.pk.edu.pl\/en\/wp-json\/wp\/v2\/pages\/236\/revisions\/379"}],"wp:attachment":[{"href":"https:\/\/lmiue.pk.edu.pl\/en\/wp-json\/wp\/v2\/media?parent=236"}],"curies":[{"name":"wp","href":"https:\/\/api.w.org\/{rel}","templated":true}]}}