{"id":304,"date":"2022-09-26T21:28:07","date_gmt":"2022-09-26T21:28:07","guid":{"rendered":"http:\/\/www.lmiue.netbuildweb.pl\/?page_id=304"},"modified":"2025-04-25T14:07:02","modified_gmt":"2025-04-25T14:07:02","slug":"kontakt","status":"publish","type":"page","link":"https:\/\/lmiue.pk.edu.pl\/en\/kontakt\/","title":{"rendered":"Contact"},"content":{"rendered":"<p>[et_pb_section fb_built=&#8221;1&#8243; _builder_version=&#8221;4.27.4&#8243; _module_preset=&#8221;default&#8221; global_colors_info=&#8221;{}&#8221;][et_pb_row column_structure=&#8221;1_3,2_3&#8243; _builder_version=&#8221;4.27.4&#8243; _module_preset=&#8221;default&#8221; global_colors_info=&#8221;{}&#8221;][et_pb_column type=&#8221;1_3&#8243; _builder_version=&#8221;4.27.4&#8243; _module_preset=&#8221;default&#8221; global_colors_info=&#8221;{}&#8221;][et_pb_image src=&#8221;https:\/\/lmiue.pk.edu.pl\/wp-content\/uploads\/2023\/11\/69afcea5-a4ad-4841-9320-0f88d2d8e5e8_out-2176&#215;2912-scaled-e1701891379127.jpg&#8221; title_text=&#8221;69afcea5-a4ad-4841-9320-0f88d2d8e5e8_out-2176&#215;2912&#8243; url=&#8221;https:\/\/lmiue.pk.edu.pl\/wp-content\/uploads\/2024\/01\/CERTYFIKAT-AKREDYTACJI.pdf&#8221; _builder_version=&#8221;4.23.4&#8243; _module_preset=&#8221;default&#8221; global_colors_info=&#8221;{}&#8221;][\/et_pb_image][\/et_pb_column][et_pb_column type=&#8221;2_3&#8243; _builder_version=&#8221;4.27.4&#8243; _module_preset=&#8221;default&#8221; global_colors_info=&#8221;{}&#8221;][et_pb_text _builder_version=&#8221;4.27.4&#8243; _module_preset=&#8221;default&#8221; header_font=&#8221;Poppins|600|||||||&#8221; header_text_color=&#8221;#4b56a6&#8243; header_font_size=&#8221;32px&#8221; global_colors_info=&#8221;{}&#8221;]<\/p>\n<h1>Contact<\/h1>\n<p>[\/et_pb_text][et_pb_text _builder_version=&#8221;4.18.0&#8243; _module_preset=&#8221;default&#8221; text_font=&#8221;Poppins||||||||&#8221; header_font=&#8221;Poppins|600|||||||&#8221; header_text_color=&#8221;#4b56a6&#8243; header_font_size=&#8221;40px&#8221; header_2_font=&#8221;Poppins||||||||&#8221; header_2_text_color=&#8221;#333333&#8243; header_2_font_size=&#8221;30px&#8221; header_3_font=&#8221;|||on|||||&#8221; header_3_font_size=&#8221;17px&#8221; header_4_font=&#8221;|700|||||||&#8221; header_4_text_color=&#8221;#4b56a6&#8243; text_orientation=&#8221;justified&#8221; custom_margin=&#8221;||21px|||&#8221; global_colors_info=&#8221;{}&#8221;]<\/p>\n<h3 style=\"text-align: justify;\">Secretariat<\/h3>\n<h4>Ewa We\u0142na<\/h4>\n<p>building W-2, room 120<\/p>\n<p>[\/et_pb_text][et_pb_blurb title=&#8221;Tel\/Fax.&#8221; use_icon=&#8221;on&#8221; font_icon=&#8221;&#xe0fa;||divi||400&#8243; icon_color=&#8221;#ffffff&#8221; image_icon_background_color=&#8221;#4fca7e&#8221; icon_placement=&#8221;left&#8221; image_icon_width=&#8221;16px&#8221; content_max_width=&#8221;1080px&#8221; _builder_version=&#8221;4.23.1&#8243; header_font=&#8221;Poppins|700||on|||||&#8221; header_text_color=&#8221;#62748a&#8221; header_font_size=&#8221;12px&#8221; body_font=&#8221;Poppins||||||||&#8221; body_text_color=&#8221;#2a3749&#8243; body_link_font=&#8221;Poppins||||||||&#8221; body_link_text_color=&#8221;#000000&#8243; body_link_font_size=&#8221;17px&#8221; image_icon_custom_padding=&#8221;8px|8px|8px|8px|false|false&#8221; module_alignment=&#8221;left&#8221; border_radii_image=&#8221;on|100%|100%|100%|100%&#8221; use_circle=&#8221;on&#8221; circle_color=&#8221;#07be50&#8243; global_colors_info=&#8221;{}&#8221; image_icon_background_color__sticky_enabled=&#8221;#f0cd39&#8243; image_icon_background_color__sticky=&#8221;#f0cd39&#8243;]<\/p>\n<p><a href=\"tel:126282803\">+ 48 12 628 28 03<\/a><\/p>\n<p>[\/et_pb_blurb][et_pb_blurb title=&#8221;Email&#8221; use_icon=&#8221;on&#8221; font_icon=&#8221;&#xe076;||divi||400&#8243; icon_color=&#8221;#ffffff&#8221; image_icon_background_color=&#8221;#4fca7e&#8221; icon_placement=&#8221;left&#8221; image_icon_width=&#8221;16px&#8221; content_max_width=&#8221;1080px&#8221; _builder_version=&#8221;4.23.1&#8243; header_font=&#8221;Poppins|700||on|||||&#8221; header_text_color=&#8221;#62748a&#8221; header_font_size=&#8221;12px&#8221; body_font=&#8221;Poppins||||||||&#8221; body_text_color=&#8221;#2a3749&#8243; body_link_font=&#8221;Poppins||||||||&#8221; body_link_text_color=&#8221;#000000&#8243; body_link_font_size=&#8221;17px&#8221; image_icon_custom_padding=&#8221;8px|8px|8px|8px|false|false&#8221; border_radii_image=&#8221;on|100%|100%|100%|100%&#8221; use_circle=&#8221;on&#8221; circle_color=&#8221;#07be50&#8243; global_colors_info=&#8221;{}&#8221; image_icon_background_color__sticky_enabled=&#8221;#f0cd39&#8243; image_icon_background_color__sticky=&#8221;#f0cd39&#8243;]<\/p>\n<p><a href=\"mailto:lmiue@pk.edu.pl\">lmiue@pk.edu.pl<\/a><\/p>\n<p>[\/et_pb_blurb][et_pb_text _builder_version=&#8221;4.27.4&#8243; _module_preset=&#8221;default&#8221; text_font=&#8221;Poppins||||||||&#8221; header_font=&#8221;Poppins|600|||||||&#8221; header_text_color=&#8221;#4b56a6&#8243; header_font_size=&#8221;40px&#8221; header_2_font=&#8221;Poppins||||||||&#8221; header_2_text_color=&#8221;#333333&#8243; header_2_font_size=&#8221;30px&#8221; header_3_font=&#8221;|||on|||||&#8221; header_3_font_size=&#8221;17px&#8221; header_4_font=&#8221;|700|||||||&#8221; header_4_text_color=&#8221;#4b56a6&#8243; text_orientation=&#8221;justified&#8221; custom_margin=&#8221;||21px|||&#8221; link_option_url=&#8221;https:\/\/lmiue.pk.edu.pl\/&#8221; global_colors_info=&#8221;{}&#8221;]<\/p>\n<h3 style=\"text-align: justify;\">Address<\/h3>\n<h4>Laboratory of Energy Machines and Devices<\/h4>\n<p>Cracow University of Technology<br \/>Faculty of Environmental and Energy Engineering<br \/>ul. Warszawska 24, 31-155 Krak\u00f3w, Poland<\/p>\n<p>lmiue.pk.edu.pl<\/p>\n<p>[\/et_pb_text][et_pb_image src=&#8221;https:\/\/lmiue.pk.edu.pl\/wp-content\/uploads\/2025\/02\/lmiuemapa.png&#8221; title_text=&#8221;lmiuemapa&#8221; url=&#8221;https:\/\/www.google.com\/maps?ll=50.072197,19.944061&#038;z=13&#038;t=m&#038;hl=pl&#038;gl=PL&#038;mapclient=embed&#038;cid=10292602901564382216&#8243; _builder_version=&#8221;4.27.4&#8243; _module_preset=&#8221;default&#8221; global_colors_info=&#8221;{}&#8221;][\/et_pb_image][\/et_pb_column][\/et_pb_row][\/et_pb_section]<\/p>","protected":false},"excerpt":{"rendered":"<p>KontaktSekretariat Ewa We\u0142na budynek W-2, pok. 120+ 48 12 628 28 03lmiue@pk.edu.plAdres Laboratorium Maszyn i Urz\u0105dze\u0144 Energetycznych Politechnika Krakowska im. T. Ko\u015bciuszkiWydzia\u0142 In\u017cynierii \u015arodowiska i Energetykiul. Warszawska 24, 31-155 Krak\u00f3w, Poland lmiue.pk.edu.pl<\/p>","protected":false},"author":1,"featured_media":0,"parent":0,"menu_order":0,"comment_status":"closed","ping_status":"closed","template":"","meta":{"_acf_changed":false,"_et_pb_use_builder":"on","_et_pb_old_content":"","_et_gb_content_width":"","footnotes":""},"class_list":["post-304","page","type-page","status-publish","hentry"],"acf":[],"_links":{"self":[{"href":"https:\/\/lmiue.pk.edu.pl\/en\/wp-json\/wp\/v2\/pages\/304","targetHints":{"allow":["GET"]}}],"collection":[{"href":"https:\/\/lmiue.pk.edu.pl\/en\/wp-json\/wp\/v2\/pages"}],"about":[{"href":"https:\/\/lmiue.pk.edu.pl\/en\/wp-json\/wp\/v2\/types\/page"}],"author":[{"embeddable":true,"href":"https:\/\/lmiue.pk.edu.pl\/en\/wp-json\/wp\/v2\/users\/1"}],"replies":[{"embeddable":true,"href":"https:\/\/lmiue.pk.edu.pl\/en\/wp-json\/wp\/v2\/comments?post=304"}],"version-history":[{"count":39,"href":"https:\/\/lmiue.pk.edu.pl\/en\/wp-json\/wp\/v2\/pages\/304\/revisions"}],"predecessor-version":[{"id":913,"href":"https:\/\/lmiue.pk.edu.pl\/en\/wp-json\/wp\/v2\/pages\/304\/revisions\/913"}],"wp:attachment":[{"href":"https:\/\/lmiue.pk.edu.pl\/en\/wp-json\/wp\/v2\/media?parent=304"}],"curies":[{"name":"wp","href":"https:\/\/api.w.org\/{rel}","templated":true}]}}