{"id":508,"date":"2023-11-26T19:08:57","date_gmt":"2023-11-26T19:08:57","guid":{"rendered":"https:\/\/www.lmiue.pk.edu.pl\/?page_id=508"},"modified":"2024-08-20T12:35:13","modified_gmt":"2024-08-20T12:35:13","slug":"laboratorium","status":"publish","type":"page","link":"https:\/\/lmiue.pk.edu.pl\/en\/","title":{"rendered":"Laboratory"},"content":{"rendered":"<p>[et_pb_section fb_built=&#8221;1&#8243; _builder_version=&#8221;4.23.1&#8243; _module_preset=&#8221;default&#8221; custom_padding=&#8221;0px||||false|false&#8221; global_colors_info=&#8221;{}&#8221;][et_pb_row column_structure=&#8221;1_3,2_3&#8243; use_custom_gutter=&#8221;on&#8221; gutter_width=&#8221;1&#8243; make_equal=&#8221;on&#8221; _builder_version=&#8221;4.23.4&#8243; _module_preset=&#8221;default&#8221; hover_enabled=&#8221;0&#8243; global_colors_info=&#8221;{}&#8221; sticky_enabled=&#8221;0&#8243;][et_pb_column type=&#8221;1_3&#8243; _builder_version=&#8221;4.19.3&#8243; _module_preset=&#8221;default&#8221; global_colors_info=&#8221;{}&#8221;][et_pb_image src=&#8221;https:\/\/lmiue.pk.edu.pl\/wp-content\/uploads\/2023\/11\/69afcea5-a4ad-4841-9320-0f88d2d8e5e8_out-2176&#215;2912-scaled-e1701891379127.jpg&#8221; title_text=&#8221;69afcea5-a4ad-4841-9320-0f88d2d8e5e8_out-2176&#215;2912&#8243; url=&#8221;https:\/\/lmiue.pk.edu.pl\/wp-content\/uploads\/2024\/01\/CERTYFIKAT-AKREDYTACJI.pdf&#8221; _builder_version=&#8221;4.23.4&#8243; _module_preset=&#8221;default&#8221; global_colors_info=&#8221;{}&#8221;][\/et_pb_image][\/et_pb_column][et_pb_column type=&#8221;2_3&#8243; _builder_version=&#8221;4.23.1&#8243; _module_preset=&#8221;default&#8221; global_colors_info=&#8221;{}&#8221;][et_pb_text _builder_version=&#8221;4.23.4&#8243; _module_preset=&#8221;default&#8221; text_font=&#8221;Poppins||||||||&#8221; header_font=&#8221;Poppins|600|||||||&#8221; header_text_color=&#8221;#4b56a6&#8243; header_font_size=&#8221;32px&#8221; header_2_font=&#8221;Poppins||||||||&#8221; header_2_text_color=&#8221;#333333&#8243; header_2_font_size=&#8221;30px&#8221; text_orientation=&#8221;justified&#8221; custom_margin=&#8221;||21px|||&#8221; hover_enabled=&#8221;0&#8243; global_colors_info=&#8221;{}&#8221; sticky_enabled=&#8221;0&#8243;]<\/p>\n<h1 style=\"text-align: justify;\">Laboratory<\/h1>\n<p>The Accredited Laboratory of Energy Machines and Devices <a href=\"https:\/\/lmiue.pk.edu.pl\/wp-content\/uploads\/2024\/08\/AB-1882.pdf\">(scope of accreditation AB-1882)<\/a> is an organizational unit of the Cracow University of Technology operating within the Department of Thermal Processes, Air Protection and Waste Utilization.<\/p>\n<p>It was created as part of funding from the Regional Operational Program of the Ma\u0142opolska Voivodeship for 2014-2020.<\/p>\n<p>The laboratory has the most modern research and measurement equipment as well as professional research and scientific staff.<\/p>\n<p>[\/et_pb_text][\/et_pb_column][\/et_pb_row][\/et_pb_section]<\/p>","protected":false},"excerpt":{"rendered":"<p>Laboratorium Akredytowane Laboratorium Maszyn i Urz\u0105dze\u0144 Energetycznych (Zakres akredytacji AB-1882) jest jednostk\u0105 organizacyjn\u0105 Politechniki Krakowskiej dzia\u0142aj\u0105c\u0105 w ramach Katedry Proces\u00f3w Cieplnych, Ochrony Powietrza i Utylizacji Odpad\u00f3w. Powsta\u0142o w ramach dofinansowania z Regionalnego Programu Operacyjnego Wojew\u00f3dztwa Ma\u0142opolskiego na lata 2014-2020. Laboratorium to najnowocze\u015bniejszy sprz\u0119t badawczy i pomiarowy oraz profesjonalna kadra badawczo-naukowa.<\/p>","protected":false},"author":1,"featured_media":0,"parent":0,"menu_order":0,"comment_status":"closed","ping_status":"closed","template":"","meta":{"_acf_changed":false,"_et_pb_use_builder":"on","_et_pb_old_content":"","_et_gb_content_width":"","footnotes":""},"class_list":["post-508","page","type-page","status-publish","hentry"],"acf":[],"_links":{"self":[{"href":"https:\/\/lmiue.pk.edu.pl\/en\/wp-json\/wp\/v2\/pages\/508","targetHints":{"allow":["GET"]}}],"collection":[{"href":"https:\/\/lmiue.pk.edu.pl\/en\/wp-json\/wp\/v2\/pages"}],"about":[{"href":"https:\/\/lmiue.pk.edu.pl\/en\/wp-json\/wp\/v2\/types\/page"}],"author":[{"embeddable":true,"href":"https:\/\/lmiue.pk.edu.pl\/en\/wp-json\/wp\/v2\/users\/1"}],"replies":[{"embeddable":true,"href":"https:\/\/lmiue.pk.edu.pl\/en\/wp-json\/wp\/v2\/comments?post=508"}],"version-history":[{"count":27,"href":"https:\/\/lmiue.pk.edu.pl\/en\/wp-json\/wp\/v2\/pages\/508\/revisions"}],"predecessor-version":[{"id":809,"href":"https:\/\/lmiue.pk.edu.pl\/en\/wp-json\/wp\/v2\/pages\/508\/revisions\/809"}],"wp:attachment":[{"href":"https:\/\/lmiue.pk.edu.pl\/en\/wp-json\/wp\/v2\/media?parent=508"}],"curies":[{"name":"wp","href":"https:\/\/api.w.org\/{rel}","templated":true}]}}