{"id":518,"date":"2023-11-26T19:23:06","date_gmt":"2023-11-26T19:23:06","guid":{"rendered":"https:\/\/www.lmiue.pk.edu.pl\/?page_id=518"},"modified":"2024-02-05T21:35:09","modified_gmt":"2024-02-05T21:35:09","slug":"profil-dzialalnosci","status":"publish","type":"page","link":"https:\/\/lmiue.pk.edu.pl\/en\/profil-dzialalnosci\/","title":{"rendered":"Business profile"},"content":{"rendered":"<p>[et_pb_section fb_built=&#8221;1&#8243; _builder_version=&#8221;4.19.3&#8243; _module_preset=&#8221;default&#8221; custom_padding=&#8221;5px|||||&#8221; global_colors_info=&#8221;{}&#8221;][et_pb_row column_structure=&#8221;1_3,2_3&#8243; use_custom_gutter=&#8221;on&#8221; gutter_width=&#8221;1&#8243; make_equal=&#8221;on&#8221; _builder_version=&#8221;4.23.1&#8243; _module_preset=&#8221;default&#8221; global_colors_info=&#8221;{}&#8221;][et_pb_column type=&#8221;1_3&#8243; _builder_version=&#8221;4.19.3&#8243; _module_preset=&#8221;default&#8221; global_colors_info=&#8221;{}&#8221;][et_pb_image src=&#8221;https:\/\/lmiue.pk.edu.pl\/wp-content\/uploads\/2023\/11\/69afcea5-a4ad-4841-9320-0f88d2d8e5e8_out-2176&#215;2912-scaled-e1701891379127.jpg&#8221; title_text=&#8221;69afcea5-a4ad-4841-9320-0f88d2d8e5e8_out-2176&#215;2912&#8243; url=&#8221;https:\/\/lmiue.pk.edu.pl\/wp-content\/uploads\/2024\/01\/CERTYFIKAT-AKREDYTACJI.pdf&#8221; _builder_version=&#8221;4.23.4&#8243; _module_preset=&#8221;default&#8221; custom_margin=&#8221;-4px||||false|false&#8221; global_colors_info=&#8221;{}&#8221;][\/et_pb_image][\/et_pb_column][et_pb_column type=&#8221;2_3&#8243; _builder_version=&#8221;4.23.1&#8243; _module_preset=&#8221;default&#8221; global_colors_info=&#8221;{}&#8221;][et_pb_text _builder_version=&#8221;4.23.1&#8243; _module_preset=&#8221;default&#8221; text_font=&#8221;Poppins||||||||&#8221; header_font=&#8221;Poppins|600|||||||&#8221; header_text_color=&#8221;#4b56a6&#8243; header_font_size=&#8221;32px&#8221; header_2_font=&#8221;Poppins||||||||&#8221; header_2_text_color=&#8221;#333333&#8243; header_2_font_size=&#8221;30px&#8221; text_orientation=&#8221;justified&#8221; custom_margin=&#8221;||21px|||&#8221; global_colors_info=&#8221;{}&#8221;]<\/p>\n<h1 style=\"text-align: justify;\">Business profile<\/h1>\n<p>The Energy Machines and Equipment Laboratory <strong>operates according to the Quality Management System,<\/strong>in accordance with the <strong>PN-EN ISO\/IEC 17025:2018-02 standard (certificate no. AB 1882)<\/strong>, in accordance with standardized documents.<\/p>\n<p>The Energy Machines and Devices Laboratory conducts research in the field of thermal properties<br \/>and durable materials.<\/p>\n<p><strong>In particular, the research concerns:<\/strong><\/p>\n<ul>\n<li>thermal measurements,<\/li>\n<li>heat transfer and fluid mechanics,<\/li>\n<li>testing the properties of materials.<\/li>\n<\/ul>\n<p>&nbsp;<\/p>\n<p>&nbsp;<\/p>\n<p>[\/et_pb_text][\/et_pb_column][\/et_pb_row][\/et_pb_section]<\/p>","protected":false},"excerpt":{"rendered":"<p>Profil dzia\u0142alno\u015bci Laboratorium Maszyn I Urz\u0105dze\u0144 Energetycznych funkcjonuje wed\u0142ug Systemu Zarz\u0105dzania Jako\u015bci\u0105, zgodnie z norm\u0105 PN-EN ISO\/IEC 17025:2018-02 (certyfikat nr AB 1882), wed\u0142ug dokument\u00f3w znormalizowanych. Laboratorium Maszyn i Urz\u0105dze\u0144 Energetycznych prowadzi badania w zakresie w\u0142asno\u015bci cieplnychi wytrzyma\u0142o\u015bciowych materia\u0142\u00f3w. W szczeg\u00f3lno\u015bci badania dotycz\u0105: pomiar\u00f3w cieplnych, wymiany ciep\u0142a i mechaniki p\u0142yn\u00f3w, badania w\u0142asno\u015bci materia\u0142\u00f3w. &nbsp; &nbsp;<\/p>","protected":false},"author":1,"featured_media":0,"parent":0,"menu_order":0,"comment_status":"closed","ping_status":"closed","template":"","meta":{"_acf_changed":false,"_et_pb_use_builder":"on","_et_pb_old_content":"","_et_gb_content_width":"","footnotes":""},"class_list":["post-518","page","type-page","status-publish","hentry"],"acf":[],"_links":{"self":[{"href":"https:\/\/lmiue.pk.edu.pl\/en\/wp-json\/wp\/v2\/pages\/518","targetHints":{"allow":["GET"]}}],"collection":[{"href":"https:\/\/lmiue.pk.edu.pl\/en\/wp-json\/wp\/v2\/pages"}],"about":[{"href":"https:\/\/lmiue.pk.edu.pl\/en\/wp-json\/wp\/v2\/types\/page"}],"author":[{"embeddable":true,"href":"https:\/\/lmiue.pk.edu.pl\/en\/wp-json\/wp\/v2\/users\/1"}],"replies":[{"embeddable":true,"href":"https:\/\/lmiue.pk.edu.pl\/en\/wp-json\/wp\/v2\/comments?post=518"}],"version-history":[{"count":15,"href":"https:\/\/lmiue.pk.edu.pl\/en\/wp-json\/wp\/v2\/pages\/518\/revisions"}],"predecessor-version":[{"id":790,"href":"https:\/\/lmiue.pk.edu.pl\/en\/wp-json\/wp\/v2\/pages\/518\/revisions\/790"}],"wp:attachment":[{"href":"https:\/\/lmiue.pk.edu.pl\/en\/wp-json\/wp\/v2\/media?parent=518"}],"curies":[{"name":"wp","href":"https:\/\/api.w.org\/{rel}","templated":true}]}}