{"id":525,"date":"2023-11-26T19:24:24","date_gmt":"2023-11-26T19:24:24","guid":{"rendered":"https:\/\/www.lmiue.pk.edu.pl\/?page_id=525"},"modified":"2024-01-31T22:03:13","modified_gmt":"2024-01-31T22:03:13","slug":"polityka-jakosci","status":"publish","type":"page","link":"https:\/\/lmiue.pk.edu.pl\/en\/polityka-jakosci\/","title":{"rendered":"Quality policy"},"content":{"rendered":"<p>[et_pb_section fb_built=&#8221;1&#8243; _builder_version=&#8221;4.23.1&#8243; _module_preset=&#8221;default&#8221; custom_padding=&#8221;0px||||false|false&#8221; global_colors_info=&#8221;{}&#8221;][et_pb_row column_structure=&#8221;1_3,2_3&#8243; use_custom_gutter=&#8221;on&#8221; gutter_width=&#8221;1&#8243; make_equal=&#8221;on&#8221; _builder_version=&#8221;4.23.4&#8243; _module_preset=&#8221;default&#8221; global_colors_info=&#8221;{}&#8221;][et_pb_column type=&#8221;1_3&#8243; _builder_version=&#8221;4.19.3&#8243; _module_preset=&#8221;default&#8221; global_colors_info=&#8221;{}&#8221;][et_pb_image src=&#8221;https:\/\/lmiue.pk.edu.pl\/wp-content\/uploads\/2023\/11\/69afcea5-a4ad-4841-9320-0f88d2d8e5e8_out-2176&#215;2912-scaled-e1701891379127.jpg&#8221; title_text=&#8221;69afcea5-a4ad-4841-9320-0f88d2d8e5e8_out-2176&#215;2912&#8243; url=&#8221;https:\/\/lmiue.pk.edu.pl\/wp-content\/uploads\/2024\/01\/CERTYFIKAT-AKREDYTACJI.pdf&#8221; _builder_version=&#8221;4.23.4&#8243; _module_preset=&#8221;default&#8221; hover_enabled=&#8221;0&#8243; global_colors_info=&#8221;{}&#8221; sticky_enabled=&#8221;0&#8243;][\/et_pb_image][\/et_pb_column][et_pb_column type=&#8221;2_3&#8243; _builder_version=&#8221;4.23.1&#8243; _module_preset=&#8221;default&#8221; global_colors_info=&#8221;{}&#8221;][et_pb_text _builder_version=&#8221;4.23.4&#8243; _module_preset=&#8221;default&#8221; text_font=&#8221;Poppins||||||||&#8221; header_font=&#8221;Poppins|600|||||||&#8221; header_text_color=&#8221;#4b56a6&#8243; header_font_size=&#8221;32px&#8221; header_2_font=&#8221;Poppins||||||||&#8221; header_2_text_color=&#8221;#333333&#8243; header_2_font_size=&#8221;30px&#8221; text_orientation=&#8221;justified&#8221; custom_margin=&#8221;||21px|||&#8221; global_colors_info=&#8221;{}&#8221;]<\/p>\n<h1 style=\"text-align: justify;\">Quality policy<\/h1>\n<p>The management of the Laboratory of Energy Machines and Devices at the PK declares high professionalism and quality of the research performed.<br \/><strong>The main goal of the Laboratory's activities is to ACHIEVE and MAINTAIN HIGH TECHNICAL COMPETENCES IN THE SCOPE OF RESEARCH SERVICES PROVIDED TO CLIENTS.<\/strong><\/p>\n<p><strong>Laboratory:<\/strong><br \/>\u2022 declares independence from any commercial, financial or other internal and external pressures\/influences that could adversely affect the research performed<br \/>\u2022 Ensures clients protect confidential information and maintain proprietary rights<br \/>\u2022 declares the consistency of all activities<br \/>\u2022 declares to avoid engaging in any activity that could undermine confidence in his competence, the independence of his judgments and the reliability of his research activities<br \/>\u2022 guarantees that tests are carried out in accordance with established validated methods and using properly supervised measuring equipment, as well as in accordance with the principles of the Management System<br \/>\u2022 ensures the integrity of the Management System maintained during planning and implementation of changes to the Management System.<\/p>\n<p>Meeting the requirements contained in the standard in the Laboratory of Energy Machines and Devices of the Polish University of Technology<br \/>PN-EN ISO\/IEC 17025:2018-02 and the consistent application of the management system adopted in this standard is a guarantee of credibility, reliability and the high level of services desired by customers.<\/p>\n<p><strong>The Laboratory's management undertakes to maintain compliance of all elements of the management system with the PN-EN ISO\/IEC 17025:2018-02 standard and to continuously improve the effectiveness of this System.<\/strong><\/p>\n<p>[\/et_pb_text][\/et_pb_column][\/et_pb_row][\/et_pb_section]<\/p>","protected":false},"excerpt":{"rendered":"<p>Polityka jako\u015bci Kierownictwo Laboratorium Maszyn i Urz\u0105dze\u0144 Energetycznych PK deklaruje wysoki profesjonalizm i jako\u015b\u0107 wykonywanych bada\u0144.G\u0142\u00f3wnym celem dzia\u0142alno\u015bci Laboratorium jest OSI\u0104GNI\u0118CIE i UTRZYMANIE WYSOKICH KOMPETENCJI TECHNICZNYCH W ZAKRESIE \u015aWIADCZONYCH US\u0141UG BADAWCZYCH DLA KLIENT\u00d3W. Laboratorium:\u2022 deklaruje niezale\u017cno\u015b\u0107 od jakichkolwiek komercyjnych, finansowych lub innych nacisk\u00f3w\/wp\u0142yw\u00f3w wewn\u0119trznych i zewn\u0119trznych, kt\u00f3re mog\u0142yby niekorzystnie oddzia\u0142ywa\u0107 na wykonywane badania\u2022 zapewnia klientom [&hellip;]<\/p>","protected":false},"author":1,"featured_media":0,"parent":0,"menu_order":0,"comment_status":"closed","ping_status":"closed","template":"","meta":{"_acf_changed":false,"_et_pb_use_builder":"on","_et_pb_old_content":"","_et_gb_content_width":"","footnotes":""},"class_list":["post-525","page","type-page","status-publish","hentry"],"acf":[],"_links":{"self":[{"href":"https:\/\/lmiue.pk.edu.pl\/en\/wp-json\/wp\/v2\/pages\/525","targetHints":{"allow":["GET"]}}],"collection":[{"href":"https:\/\/lmiue.pk.edu.pl\/en\/wp-json\/wp\/v2\/pages"}],"about":[{"href":"https:\/\/lmiue.pk.edu.pl\/en\/wp-json\/wp\/v2\/types\/page"}],"author":[{"embeddable":true,"href":"https:\/\/lmiue.pk.edu.pl\/en\/wp-json\/wp\/v2\/users\/1"}],"replies":[{"embeddable":true,"href":"https:\/\/lmiue.pk.edu.pl\/en\/wp-json\/wp\/v2\/comments?post=525"}],"version-history":[{"count":19,"href":"https:\/\/lmiue.pk.edu.pl\/en\/wp-json\/wp\/v2\/pages\/525\/revisions"}],"predecessor-version":[{"id":778,"href":"https:\/\/lmiue.pk.edu.pl\/en\/wp-json\/wp\/v2\/pages\/525\/revisions\/778"}],"wp:attachment":[{"href":"https:\/\/lmiue.pk.edu.pl\/en\/wp-json\/wp\/v2\/media?parent=525"}],"curies":[{"name":"wp","href":"https:\/\/api.w.org\/{rel}","templated":true}]}}