{"id":537,"date":"2023-11-26T19:39:32","date_gmt":"2023-11-26T19:39:32","guid":{"rendered":"https:\/\/www.lmiue.pk.edu.pl\/?page_id=537"},"modified":"2024-06-05T21:26:02","modified_gmt":"2024-06-05T21:26:02","slug":"wyposazenie","status":"publish","type":"page","link":"https:\/\/lmiue.pk.edu.pl\/en\/wyposazenie\/","title":{"rendered":"Equipment"},"content":{"rendered":"<p>[et_pb_section fb_built=&#8221;1&#8243; _builder_version=&#8221;4.23.1&#8243; _module_preset=&#8221;default&#8221; custom_padding=&#8221;0px||||false|false&#8221; global_colors_info=&#8221;{}&#8221;][et_pb_row column_structure=&#8221;1_3,2_3&#8243; use_custom_gutter=&#8221;on&#8221; gutter_width=&#8221;1&#8243; make_equal=&#8221;on&#8221; _builder_version=&#8221;4.23.1&#8243; _module_preset=&#8221;default&#8221; global_colors_info=&#8221;{}&#8221;][et_pb_column type=&#8221;1_3&#8243; _builder_version=&#8221;4.19.3&#8243; _module_preset=&#8221;default&#8221; global_colors_info=&#8221;{}&#8221;][et_pb_image src=&#8221;https:\/\/lmiue.pk.edu.pl\/wp-content\/uploads\/2023\/11\/69afcea5-a4ad-4841-9320-0f88d2d8e5e8_out-2176&#215;2912-scaled-e1701891379127.jpg&#8221; title_text=&#8221;69afcea5-a4ad-4841-9320-0f88d2d8e5e8_out-2176&#215;2912&#8243; url=&#8221;https:\/\/lmiue.pk.edu.pl\/wp-content\/uploads\/2024\/01\/CERTYFIKAT-AKREDYTACJI.pdf&#8221; _builder_version=&#8221;4.23.4&#8243; _module_preset=&#8221;default&#8221; hover_enabled=&#8221;0&#8243; global_colors_info=&#8221;{}&#8221; sticky_enabled=&#8221;0&#8243;][\/et_pb_image][\/et_pb_column][et_pb_column type=&#8221;2_3&#8243; _builder_version=&#8221;4.23.1&#8243; _module_preset=&#8221;default&#8221; global_colors_info=&#8221;{}&#8221;][et_pb_text _builder_version=&#8221;4.23.4&#8243; _module_preset=&#8221;default&#8221; text_font=&#8221;Poppins||||||||&#8221; header_font=&#8221;Poppins|600|||||||&#8221; header_text_color=&#8221;#4b56a6&#8243; header_font_size=&#8221;32px&#8221; header_2_font=&#8221;Poppins||||||||&#8221; header_2_text_color=&#8221;#333333&#8243; header_2_font_size=&#8221;30px&#8221; text_orientation=&#8221;justified&#8221; custom_margin=&#8221;||21px|||&#8221; global_colors_info=&#8221;{}&#8221;]<\/p>\n<h1 style=\"text-align: justify;\"><\/h1>\n<h1 style=\"text-align: justify;\">Equipment<\/h1>\n<p><strong><em>\u2013 Device for testing the thermal conductivity of insulating materials<br \/><\/em><\/strong>Model:<strong> GHP 900 S<\/strong> by NETZSCH,<\/p>\n<p><em><\/em><strong><em>\u2013 Device for testing the thermal conductivity of cylindrical insulating materials<br \/><\/em><\/strong>Model:<strong> TLR 1000<\/strong> by NETZSCH,<\/p>\n<p><strong><em>\u2013 Set for testing the heat transfer coefficient for building partitions<br \/><\/em><\/strong>Model<em>: <\/em><strong>Greenteg U-value \u2013 KIT<\/strong><span>\u00a0 <\/span>(gSKIN\u00ae KIT-2615C)<em><em>,<\/em><\/em> firmy greenTEG,<em><em><br \/><\/em><\/em><\/p>\n<p><strong><em>\u2013 Multi-parameter, portable gas analyzer<br \/><\/em><\/strong>Model: Analyser <strong>AtmosFIRs<\/strong> transportable (ICE) with O\u2082 sensor AFS-B2T + termowaga, firmy MLU,<\/p>\n<p><strong><em>- Analyzer for measuring thermal conductivity and diffusivity of solids, powders, liquids and pastes<br \/><\/em><\/strong>Model: <strong>C-THERM TCi<\/strong> Thermal Conductivity Analyzer (equipped with MTPS,TPS,TLS detectors)<strong><em>, <\/em><\/strong>\u00a0firmy C-Therm Technologies,<\/p>\n<p><strong><em>\u2013 Portable measurement system for determining the heat transfer coefficient through glass partitions<\/em><\/strong><em><strong><br \/><\/strong><\/em>Model: <strong>Uglass, <\/strong><span>\u00a0<\/span>by NETZSCH,<\/p>\n<p><strong><em>\u2013 Measuring system for determining the thermal conductivity of insulating and refractory materials<br \/><\/em><\/strong>Model: <strong>LFA 427<\/strong>, by NETZSCH<\/p>\n<p><strong><em>\u2013 Device for testing thermal diffusivity and conductivity in the temperature range from -100\u00b0C \u00f7 500\u00b0C<br \/><\/em><\/strong>Model: <strong>LFA 467, <\/strong><span><\/span>by NETZSCH,<\/p>\n<p><strong>&#8211; <em>\u2013 Differential scanning calorimeter (DSC) for measuring the transformation temperature and heat flow related to the phase transformation in the sample in the temperature range from -170\u00b0C \u00f7 600\u00b0C <\/em><\/strong><\/p>\n<p><span class=\"ui-provider ed bfw bbl bfx bfy bfz bga bgb bgc bgd bge bgf bgg bgh bgi bgj bgk bgl bgm bgn bgo bgp bgq bgr bgs bgt bgu bgv bgw bgx bgy bgz bha bhb bhc\" dir=\"ltr\">Model: <strong>DSC 214 <\/strong>Polyma, by NETZSCH<\/span><\/p>\n<p><strong><em><\/em><\/strong><\/p>\n<p><strong><em><\/em><\/strong><strong><\/strong><strong><em>\u2013 Device for testing specific heat in the temperature range from RT \u00f7 1500\u00b0C<br \/><\/em><\/strong>Model:<strong> STA 449 F3 Jupiter<\/strong>, by NETZSCH<\/p>\n<p><strong><em><\/em><\/strong><\/p>\n<p><o:p><\/o:p><\/p>\n<p><strong><em>\u2013 Device for determining Young's modulus and Poisson's ratio of various materials<br \/>(including metals) using resonance at elevated temperatures<br \/><\/em><\/strong>Model:<strong> RFDA HT 1600<\/strong>,<span>\u00a0 <\/span>by IMCE,<\/p>\n<p><strong><em>\u2013 Device for determining the coefficient of thermal expansion of materials\u00a0\u00a0\u00a0\u00a0\u00a0\u00a0\u00a0\u00a0\u00a0\u00a0\u00a0\u00a0\u00a0\u00a0\u00a0\u00a0\u00a0\u00a0\u00a0\u00a0\u00a0\u00a0 <\/em><\/strong>Model: <strong>Dylatometr DIL 831<\/strong>, firmy Waters, TA Instruments,<em><\/em><strong><em><br \/><\/em><\/strong><strong><em><\/em><\/strong><\/p>\n<p><strong><em><\/em><\/strong><\/p>\n<p><strong><em>\u2013 Set for comprehensive chromatographic analyses<br \/><\/em><\/strong>Model:\u00a0 <strong>GC MS\/MS 8890\/7000D + GC 8890 z det. PDHID oraz LC MS\/Ms<\/strong> Ultivo Agilent Technologies, firmy PERLAN,<\/p>\n<p><strong><em>\u2013 Chamber furnace for testing materials at high temperatures <\/em><\/strong><\/p>\n<p>[\/et_pb_text][\/et_pb_column][\/et_pb_row][\/et_pb_section]<\/p>","protected":false},"excerpt":{"rendered":"<p>Wyposa\u017cenie &#8211; Urz\u0105dzenie do badania przewodno\u015bci cieplnej materia\u0142\u00f3w izolacyjnychModel: GHP 900 S firmy NETZSCH, &#8211; Urz\u0105dzenie do badania przewodno\u015bci cieplnej materia\u0142\u00f3w izolacyjnych w kszta\u0142cie cylindrycznymModel: TLR 1000 firmy NETZSCH, &#8211; Zestaw do bada\u0144 wsp\u00f3\u0142czynnika przenikania ciep\u0142a dla przegr\u00f3d budowlanychModel: Greenteg U-value \u2013 KIT\u00a0 (gSKIN\u00ae KIT-2615C), firmy greenTEG, &#8211; Wieloparametrowy, przeno\u015bny analizator gaz\u00f3wModel: Analyser AtmosFIRs transportable [&hellip;]<\/p>","protected":false},"author":1,"featured_media":0,"parent":0,"menu_order":0,"comment_status":"closed","ping_status":"closed","template":"","meta":{"_acf_changed":false,"_et_pb_use_builder":"on","_et_pb_old_content":"","_et_gb_content_width":"","footnotes":""},"class_list":["post-537","page","type-page","status-publish","hentry"],"acf":[],"_links":{"self":[{"href":"https:\/\/lmiue.pk.edu.pl\/en\/wp-json\/wp\/v2\/pages\/537","targetHints":{"allow":["GET"]}}],"collection":[{"href":"https:\/\/lmiue.pk.edu.pl\/en\/wp-json\/wp\/v2\/pages"}],"about":[{"href":"https:\/\/lmiue.pk.edu.pl\/en\/wp-json\/wp\/v2\/types\/page"}],"author":[{"embeddable":true,"href":"https:\/\/lmiue.pk.edu.pl\/en\/wp-json\/wp\/v2\/users\/1"}],"replies":[{"embeddable":true,"href":"https:\/\/lmiue.pk.edu.pl\/en\/wp-json\/wp\/v2\/comments?post=537"}],"version-history":[{"count":29,"href":"https:\/\/lmiue.pk.edu.pl\/en\/wp-json\/wp\/v2\/pages\/537\/revisions"}],"predecessor-version":[{"id":801,"href":"https:\/\/lmiue.pk.edu.pl\/en\/wp-json\/wp\/v2\/pages\/537\/revisions\/801"}],"wp:attachment":[{"href":"https:\/\/lmiue.pk.edu.pl\/en\/wp-json\/wp\/v2\/media?parent=537"}],"curies":[{"name":"wp","href":"https:\/\/api.w.org\/{rel}","templated":true}]}}